{"id":7723,"date":"2025-07-25T06:51:28","date_gmt":"2025-07-25T06:51:28","guid":{"rendered":"http:\/\/satorrasceramica.com\/?post_type=product&#038;p=7723"},"modified":"2025-07-28T08:48:59","modified_gmt":"2025-07-28T08:48:59","slug":"rosassa-major-catedral-de-tarragona","status":"publish","type":"product","link":"https:\/\/satorrasceramica.com\/ca\/product\/rosassa-major-catedral-de-tarragona\/","title":{"rendered":"Rosassa Major &#8211; Catedral de Tarragona"},"content":{"rendered":"","protected":false},"excerpt":{"rendered":"<p><span style=\"font-weight: 400;\">L&#8217;obra s&#8217;atribueix al mestre giron\u00ed, Bartomeu, el qual el 15 de juny de 1277, reb\u00e9 l&#8217;enc\u00e0rrec de l&#8217;arquebisbe Bernat d&#8217;Olivella (1272-1287) i del Cap\u00edtol de la Catedral tarragonina, d&#8217;obrar el portal major i la rosassa (finestra de la &#8220;O&#8221;) al seu damunt, tot per 20 sous setmanals. Tanmateix hi ha alguns dubtes de la seva auditoria per quant el comensal Mar\u00ed, afirm\u00e0 que fou el prelat Roderic Tello (1285-1308)&#8230;\u00a0<\/span><\/p>\n","protected":false},"featured_media":7724,"template":"","meta":{"content-type":""},"product_brand":[],"product_cat":[78],"product_tag":[],"class_list":{"0":"post-7723","1":"product","2":"type-product","3":"status-publish","4":"has-post-thumbnail","6":"product_cat-tarragona","7":"grve-entry-item","9":"first","10":"instock","11":"shipping-taxable","12":"purchasable","13":"product-type-simple"},"yoast_head":"<!-- This site is optimized with the Yoast SEO plugin v25.5 - https:\/\/yoast.com\/wordpress\/plugins\/seo\/ -->\n<title>Rosassa Major - Catedral de Tarragona - Satorras Ceramica<\/title>\n<meta name=\"robots\" content=\"index, follow, max-snippet:-1, max-image-preview:large, max-video-preview:-1\" \/>\n<link rel=\"canonical\" href=\"https:\/\/satorrasceramica.com\/ca\/product\/rosassa-major-catedral-de-tarragona\/\" \/>\n<meta property=\"og:locale\" content=\"ca_ES\" \/>\n<meta property=\"og:type\" content=\"article\" \/>\n<meta property=\"og:title\" content=\"Rosassa Major - Catedral de Tarragona - Satorras Ceramica\" \/>\n<meta property=\"og:description\" content=\"L&#039;obra s&#039;atribueix al mestre giron\u00ed, Bartomeu, el qual el 15 de juny de 1277, reb\u00e9 l&#039;enc\u00e0rrec de l&#039;arquebisbe Bernat d&#039;Olivella (1272-1287) i del Cap\u00edtol de la Catedral tarragonina, d&#039;obrar el portal major i la rosassa (finestra de la &quot;O&quot;) al seu damunt, tot per 20 sous setmanals. Tanmateix hi ha alguns dubtes de la seva auditoria per quant el comensal Mar\u00ed, afirm\u00e0 que fou el prelat Roderic Tello (1285-1308)...\u00a0\" \/>\n<meta property=\"og:url\" content=\"https:\/\/satorrasceramica.com\/ca\/product\/rosassa-major-catedral-de-tarragona\/\" \/>\n<meta property=\"og:site_name\" content=\"Satorras Ceramica\" \/>\n<meta property=\"article:modified_time\" content=\"2025-07-28T08:48:59+00:00\" \/>\n<meta property=\"og:image\" content=\"https:\/\/satorrasceramica.com\/wp-content\/uploads\/2025\/07\/SATORRAS-Rosassa-Major-1.png\" \/>\n\t<meta property=\"og:image:width\" content=\"500\" \/>\n\t<meta property=\"og:image:height\" content=\"500\" \/>\n\t<meta property=\"og:image:type\" content=\"image\/png\" \/>\n<meta name=\"twitter:card\" content=\"summary_large_image\" \/>\n<meta name=\"twitter:label1\" content=\"Est. reading time\" \/>\n\t<meta name=\"twitter:data1\" content=\"1 minut\" \/>\n<script type=\"application\/ld+json\" class=\"yoast-schema-graph\">{\"@context\":\"https:\/\/schema.org\",\"@graph\":[{\"@type\":\"WebPage\",\"@id\":\"https:\/\/satorrasceramica.com\/ca\/product\/rosassa-major-catedral-de-tarragona\/\",\"url\":\"https:\/\/satorrasceramica.com\/ca\/product\/rosassa-major-catedral-de-tarragona\/\",\"name\":\"Rosassa Major - Catedral de Tarragona - Satorras Ceramica\",\"isPartOf\":{\"@id\":\"https:\/\/satorrasceramica.com\/ca\/#website\"},\"primaryImageOfPage\":{\"@id\":\"https:\/\/satorrasceramica.com\/ca\/product\/rosassa-major-catedral-de-tarragona\/#primaryimage\"},\"image\":{\"@id\":\"https:\/\/satorrasceramica.com\/ca\/product\/rosassa-major-catedral-de-tarragona\/#primaryimage\"},\"thumbnailUrl\":\"https:\/\/satorrasceramica.com\/wp-content\/uploads\/2025\/07\/SATORRAS-Rosassa-Major-1.png\",\"datePublished\":\"2025-07-25T06:51:28+00:00\",\"dateModified\":\"2025-07-28T08:48:59+00:00\",\"breadcrumb\":{\"@id\":\"https:\/\/satorrasceramica.com\/ca\/product\/rosassa-major-catedral-de-tarragona\/#breadcrumb\"},\"inLanguage\":\"ca\",\"potentialAction\":[{\"@type\":\"ReadAction\",\"target\":[\"https:\/\/satorrasceramica.com\/ca\/product\/rosassa-major-catedral-de-tarragona\/\"]}]},{\"@type\":\"ImageObject\",\"inLanguage\":\"ca\",\"@id\":\"https:\/\/satorrasceramica.com\/ca\/product\/rosassa-major-catedral-de-tarragona\/#primaryimage\",\"url\":\"https:\/\/satorrasceramica.com\/wp-content\/uploads\/2025\/07\/SATORRAS-Rosassa-Major-1.png\",\"contentUrl\":\"https:\/\/satorrasceramica.com\/wp-content\/uploads\/2025\/07\/SATORRAS-Rosassa-Major-1.png\",\"width\":500,\"height\":500},{\"@type\":\"BreadcrumbList\",\"@id\":\"https:\/\/satorrasceramica.com\/ca\/product\/rosassa-major-catedral-de-tarragona\/#breadcrumb\",\"itemListElement\":[{\"@type\":\"ListItem\",\"position\":1,\"name\":\"Home\",\"item\":\"https:\/\/satorrasceramica.com\/ca\/\"},{\"@type\":\"ListItem\",\"position\":2,\"name\":\"Botiga\",\"item\":\"https:\/\/satorrasceramica.com\/ca\/shop\/\"},{\"@type\":\"ListItem\",\"position\":3,\"name\":\"Rosassa Major &#8211; Catedral de Tarragona\"}]},{\"@type\":\"WebSite\",\"@id\":\"https:\/\/satorrasceramica.com\/ca\/#website\",\"url\":\"https:\/\/satorrasceramica.com\/ca\/\",\"name\":\"Satorras Ceramica\",\"description\":\"Taller de Cer\u00e1mica Satorras Reproducciones Art\u00edsticas Patrimoniales y Monumentales.\",\"publisher\":{\"@id\":\"https:\/\/satorrasceramica.com\/ca\/#organization\"},\"potentialAction\":[{\"@type\":\"SearchAction\",\"target\":{\"@type\":\"EntryPoint\",\"urlTemplate\":\"https:\/\/satorrasceramica.com\/ca\/?s={search_term_string}\"},\"query-input\":{\"@type\":\"PropertyValueSpecification\",\"valueRequired\":true,\"valueName\":\"search_term_string\"}}],\"inLanguage\":\"ca\"},{\"@type\":\"Organization\",\"@id\":\"https:\/\/satorrasceramica.com\/ca\/#organization\",\"name\":\"Satorras Ceramica\",\"url\":\"https:\/\/satorrasceramica.com\/ca\/\",\"logo\":{\"@type\":\"ImageObject\",\"inLanguage\":\"ca\",\"@id\":\"https:\/\/satorrasceramica.com\/ca\/#\/schema\/logo\/image\/\",\"url\":\"http:\/\/satorrasceramica.com\/wp-content\/uploads\/2023\/12\/logo-satorras.png\",\"contentUrl\":\"http:\/\/satorrasceramica.com\/wp-content\/uploads\/2023\/12\/logo-satorras.png\",\"width\":200,\"height\":200,\"caption\":\"Satorras Ceramica\"},\"image\":{\"@id\":\"https:\/\/satorrasceramica.com\/ca\/#\/schema\/logo\/image\/\"},\"sameAs\":[\"https:\/\/www.instagram.com\/satorrasceramica\/\"]}]}<\/script>\n<!-- \/ Yoast SEO plugin. -->","yoast_head_json":{"title":"Rosassa Major - Catedral de Tarragona - Satorras Ceramica","robots":{"index":"index","follow":"follow","max-snippet":"max-snippet:-1","max-image-preview":"max-image-preview:large","max-video-preview":"max-video-preview:-1"},"canonical":"https:\/\/satorrasceramica.com\/ca\/product\/rosassa-major-catedral-de-tarragona\/","og_locale":"ca_ES","og_type":"article","og_title":"Rosassa Major - Catedral de Tarragona - Satorras Ceramica","og_description":"L'obra s'atribueix al mestre giron\u00ed, Bartomeu, el qual el 15 de juny de 1277, reb\u00e9 l'enc\u00e0rrec de l'arquebisbe Bernat d'Olivella (1272-1287) i del Cap\u00edtol de la Catedral tarragonina, d'obrar el portal major i la rosassa (finestra de la \"O\") al seu damunt, tot per 20 sous setmanals. Tanmateix hi ha alguns dubtes de la seva auditoria per quant el comensal Mar\u00ed, afirm\u00e0 que fou el prelat Roderic Tello (1285-1308)...\u00a0","og_url":"https:\/\/satorrasceramica.com\/ca\/product\/rosassa-major-catedral-de-tarragona\/","og_site_name":"Satorras Ceramica","article_modified_time":"2025-07-28T08:48:59+00:00","og_image":[{"width":500,"height":500,"url":"https:\/\/satorrasceramica.com\/wp-content\/uploads\/2025\/07\/SATORRAS-Rosassa-Major-1.png","type":"image\/png"}],"twitter_card":"summary_large_image","twitter_misc":{"Est. reading time":"1 minut"},"schema":{"@context":"https:\/\/schema.org","@graph":[{"@type":"WebPage","@id":"https:\/\/satorrasceramica.com\/ca\/product\/rosassa-major-catedral-de-tarragona\/","url":"https:\/\/satorrasceramica.com\/ca\/product\/rosassa-major-catedral-de-tarragona\/","name":"Rosassa Major - Catedral de Tarragona - Satorras Ceramica","isPartOf":{"@id":"https:\/\/satorrasceramica.com\/ca\/#website"},"primaryImageOfPage":{"@id":"https:\/\/satorrasceramica.com\/ca\/product\/rosassa-major-catedral-de-tarragona\/#primaryimage"},"image":{"@id":"https:\/\/satorrasceramica.com\/ca\/product\/rosassa-major-catedral-de-tarragona\/#primaryimage"},"thumbnailUrl":"https:\/\/satorrasceramica.com\/wp-content\/uploads\/2025\/07\/SATORRAS-Rosassa-Major-1.png","datePublished":"2025-07-25T06:51:28+00:00","dateModified":"2025-07-28T08:48:59+00:00","breadcrumb":{"@id":"https:\/\/satorrasceramica.com\/ca\/product\/rosassa-major-catedral-de-tarragona\/#breadcrumb"},"inLanguage":"ca","potentialAction":[{"@type":"ReadAction","target":["https:\/\/satorrasceramica.com\/ca\/product\/rosassa-major-catedral-de-tarragona\/"]}]},{"@type":"ImageObject","inLanguage":"ca","@id":"https:\/\/satorrasceramica.com\/ca\/product\/rosassa-major-catedral-de-tarragona\/#primaryimage","url":"https:\/\/satorrasceramica.com\/wp-content\/uploads\/2025\/07\/SATORRAS-Rosassa-Major-1.png","contentUrl":"https:\/\/satorrasceramica.com\/wp-content\/uploads\/2025\/07\/SATORRAS-Rosassa-Major-1.png","width":500,"height":500},{"@type":"BreadcrumbList","@id":"https:\/\/satorrasceramica.com\/ca\/product\/rosassa-major-catedral-de-tarragona\/#breadcrumb","itemListElement":[{"@type":"ListItem","position":1,"name":"Home","item":"https:\/\/satorrasceramica.com\/ca\/"},{"@type":"ListItem","position":2,"name":"Botiga","item":"https:\/\/satorrasceramica.com\/ca\/shop\/"},{"@type":"ListItem","position":3,"name":"Rosassa Major &#8211; Catedral de Tarragona"}]},{"@type":"WebSite","@id":"https:\/\/satorrasceramica.com\/ca\/#website","url":"https:\/\/satorrasceramica.com\/ca\/","name":"Satorras Ceramica","description":"Taller de Cer\u00e1mica Satorras Reproducciones Art\u00edsticas Patrimoniales y Monumentales.","publisher":{"@id":"https:\/\/satorrasceramica.com\/ca\/#organization"},"potentialAction":[{"@type":"SearchAction","target":{"@type":"EntryPoint","urlTemplate":"https:\/\/satorrasceramica.com\/ca\/?s={search_term_string}"},"query-input":{"@type":"PropertyValueSpecification","valueRequired":true,"valueName":"search_term_string"}}],"inLanguage":"ca"},{"@type":"Organization","@id":"https:\/\/satorrasceramica.com\/ca\/#organization","name":"Satorras Ceramica","url":"https:\/\/satorrasceramica.com\/ca\/","logo":{"@type":"ImageObject","inLanguage":"ca","@id":"https:\/\/satorrasceramica.com\/ca\/#\/schema\/logo\/image\/","url":"http:\/\/satorrasceramica.com\/wp-content\/uploads\/2023\/12\/logo-satorras.png","contentUrl":"http:\/\/satorrasceramica.com\/wp-content\/uploads\/2023\/12\/logo-satorras.png","width":200,"height":200,"caption":"Satorras Ceramica"},"image":{"@id":"https:\/\/satorrasceramica.com\/ca\/#\/schema\/logo\/image\/"},"sameAs":["https:\/\/www.instagram.com\/satorrasceramica\/"]}]}},"jetpack_sharing_enabled":true,"_links":{"self":[{"href":"https:\/\/satorrasceramica.com\/ca\/wp-json\/wp\/v2\/product\/7723","targetHints":{"allow":["GET"]}}],"collection":[{"href":"https:\/\/satorrasceramica.com\/ca\/wp-json\/wp\/v2\/product"}],"about":[{"href":"https:\/\/satorrasceramica.com\/ca\/wp-json\/wp\/v2\/types\/product"}],"wp:featuredmedia":[{"embeddable":true,"href":"https:\/\/satorrasceramica.com\/ca\/wp-json\/wp\/v2\/media\/7724"}],"wp:attachment":[{"href":"https:\/\/satorrasceramica.com\/ca\/wp-json\/wp\/v2\/media?parent=7723"}],"wp:term":[{"taxonomy":"product_brand","embeddable":true,"href":"https:\/\/satorrasceramica.com\/ca\/wp-json\/wp\/v2\/product_brand?post=7723"},{"taxonomy":"product_cat","embeddable":true,"href":"https:\/\/satorrasceramica.com\/ca\/wp-json\/wp\/v2\/product_cat?post=7723"},{"taxonomy":"product_tag","embeddable":true,"href":"https:\/\/satorrasceramica.com\/ca\/wp-json\/wp\/v2\/product_tag?post=7723"}],"curies":[{"name":"wp","href":"https:\/\/api.w.org\/{rel}","templated":true}]}}