{"id":7108,"date":"2023-11-20T18:22:48","date_gmt":"2023-11-20T18:22:48","guid":{"rendered":"http:\/\/satorrasceramica.com\/?page_id=7108"},"modified":"2025-07-28T10:55:44","modified_gmt":"2025-07-28T10:55:44","slug":"avis-legal","status":"publish","type":"page","link":"https:\/\/satorrasceramica.com\/ca\/avis-legal\/","title":{"rendered":"Av\u00eds legal"},"content":{"rendered":"<div class=\"wpb-content-wrapper\"><p>[vc_row][vc_column][vc_column_text]<\/p>\n<h2><b>1. Dades identificatives del titular del lloc web<\/b><\/h2>\n<p><span style=\"font-weight: 400;\">En compliment del deure d\u2019informaci\u00f3 establert a la Llei 34\/2002, d\u201911 de juliol, de serveis de la societat de la informaci\u00f3 i de comer\u00e7 electr\u00f2nic, s\u2019informa que aquest lloc web \u00e9s titularitat de:<\/span><\/p>\n<ul>\n<li style=\"font-weight: 400;\" aria-level=\"1\"><b>Nom complet<\/b><span style=\"font-weight: 400;\">: Adam Satorras Pijoan<\/span><\/li>\n<li style=\"font-weight: 400;\" aria-level=\"1\"><b>NIF<\/b><span style=\"font-weight: 400;\">: 39723231T<\/span><\/li>\n<li style=\"font-weight: 400;\" aria-level=\"1\"><b>Domicili fiscal<\/b><span style=\"font-weight: 400;\">: C\/ Badajoz, 90, 3\u00ba 2\u00aa, 08005 Barcelona, Espanya<\/span><\/li>\n<li style=\"font-weight: 400;\" aria-level=\"1\"><b>Correu electr\u00f2nic de contacte<\/b><span style=\"font-weight: 400;\">: adamsato@gmail.com<\/span><\/li>\n<li style=\"font-weight: 400;\" aria-level=\"1\"><b>Nom de domini<\/b><span style=\"font-weight: 400;\">: www.satorrasceramica.com<\/span><\/li>\n<\/ul>\n<h2><b>2. Objecte<\/b><\/h2>\n<p><span style=\"font-weight: 400;\">Aquest lloc web ha estat creat amb la finalitat de donar a con\u00e8ixer i comercialitzar les peces de cer\u00e0mica artesanal elaborades per Adam Satorras Pijoan, aix\u00ed com oferir informaci\u00f3 sobre el taller, el proc\u00e9s de producci\u00f3 i els serveis relacionats.<\/span><\/p>\n<h2><b>3. Condicions d\u2019\u00fas<\/b><\/h2>\n<p><span style=\"font-weight: 400;\">L\u2019acc\u00e9s i la utilitzaci\u00f3 del lloc web atribueixen la condici\u00f3 d\u2019usuari i impliquen l\u2019acceptaci\u00f3 plena i sense reserves de totes les condicions recollides en aquest Av\u00eds Legal, aix\u00ed com en la Pol\u00edtica de Privacitat i la Pol\u00edtica de Galetes.<\/span><\/p>\n<p><span style=\"font-weight: 400;\">L\u2019usuari es compromet a fer un \u00fas adequat del lloc web i a no dur a terme activitats il\u00b7l\u00edcites o contr\u00e0ries a la bona fe, l\u2019ordre p\u00fablic o els drets de tercers.<\/span><\/p>\n<h2><b>4. Propietat intel\u00b7lectual i industrial<\/b><\/h2>\n<p><span style=\"font-weight: 400;\">Tots els continguts d\u2019aquest lloc web (incloent-hi, per\u00f2 no limitant-se a, textos, imatges, fotografies, logotips, dissenys, estructura i codi font) s\u00f3n titularitat d\u2019Adam Satorras Pijoan o compten amb les corresponents llic\u00e8ncies d\u2019\u00fas, i estan protegits per la normativa vigent sobre propietat intel\u00b7lectual i industrial.<\/span><\/p>\n<p><span style=\"font-weight: 400;\">Queda expressament prohibida la reproducci\u00f3, distribuci\u00f3, comunicaci\u00f3 p\u00fablica, transformaci\u00f3 o qualsevol altra forma d\u2019explotaci\u00f3 sense el consentiment previ i per escrit del titular.<\/span><\/p>\n<h2><b>5. Exoneraci\u00f3 de responsabilitat<\/b><\/h2>\n<p><span style=\"font-weight: 400;\">Adam Satorras Pijoan no es fa responsable de danys o perjudicis que es puguin derivar de la utilitzaci\u00f3 dels continguts d\u2019aquest lloc web, ni garanteix l\u2019abs\u00e8ncia de virus o altres elements inform\u00e0tics que puguin provocar alteracions en els sistemes inform\u00e0tics de l\u2019usuari.<\/span><\/p>\n<p><span style=\"font-weight: 400;\">Tampoc assumeix responsabilitat pels continguts de les p\u00e0gines externes enlla\u00e7ades des d\u2019aquest lloc web, que tenen una finalitat merament informativa.<\/span><\/p>\n<h2><b>6. Enlla\u00e7os<\/b><\/h2>\n<p><span style=\"font-weight: 400;\">Aquest lloc web pot contenir enlla\u00e7os a llocs de tercers. Adam Satorras Pijoan no exerceix cap control sobre aquests llocs i no n\u2019assumeix cap responsabilitat respecte als seus continguts o el tractament de dades que hi pugui tenir lloc.<\/span><\/p>\n<h2><b>7. Legislaci\u00f3 aplicable i jurisdicci\u00f3<\/b><\/h2>\n<p><span style=\"font-weight: 400;\">Aquest Av\u00eds Legal es regeix per la legislaci\u00f3 espanyola. Qualsevol controv\u00e8rsia derivada de l\u2019acc\u00e9s o \u00fas del lloc web ser\u00e0 sotmesa als Jutjats i Tribunals de la ciutat de Barcelona, llevat que la normativa aplicable estableixi una altra jurisdicci\u00f3 imperativa.<\/span><\/p>\n<p>[\/vc_column_text][\/vc_column][\/vc_row]<\/p>\n<\/div>","protected":false},"excerpt":{"rendered":"<p>Impeka Shop &#8211; Shop case study with WooCommerce products and Impeka. Showcase your products and start selling in a few minutes.<\/p>\n","protected":false},"author":1,"featured_media":0,"parent":0,"menu_order":0,"comment_status":"closed","ping_status":"closed","template":"","meta":{"content-type":"","footnotes":""},"class_list":["post-7108","page","type-page","status-publish","hentry","grve-entry-item"],"yoast_head":"<!-- This site is optimized with the Yoast SEO plugin v25.5 - https:\/\/yoast.com\/wordpress\/plugins\/seo\/ -->\n<title>Av\u00eds legal - Taller de Cer\u00e1mica Satorras Reproducciones Art\u00edsticas Patrimoniales y Monumentales.<\/title>\n<meta name=\"description\" content=\"Reproducciones exquisitas de obras maestras en cer\u00e1mica. Explora nuestra colecci\u00f3n de piezas \u00fanicas, cada una un tributo al patrimonio cultural y monumental.\" \/>\n<meta name=\"robots\" content=\"index, follow, max-snippet:-1, max-image-preview:large, max-video-preview:-1\" \/>\n<link rel=\"canonical\" href=\"https:\/\/satorrasceramica.com\/ca\/avis-legal\/\" \/>\n<meta property=\"og:locale\" content=\"ca_ES\" \/>\n<meta property=\"og:type\" content=\"article\" \/>\n<meta property=\"og:title\" content=\"Av\u00eds legal - Taller de Cer\u00e1mica Satorras Reproducciones Art\u00edsticas Patrimoniales y Monumentales.\" \/>\n<meta property=\"og:description\" content=\"Reproducciones exquisitas de obras maestras en cer\u00e1mica. Explora nuestra colecci\u00f3n de piezas \u00fanicas, cada una un tributo al patrimonio cultural y monumental.\" \/>\n<meta property=\"og:url\" content=\"https:\/\/satorrasceramica.com\/ca\/avis-legal\/\" \/>\n<meta property=\"og:site_name\" content=\"Satorras Ceramica\" \/>\n<meta property=\"article:modified_time\" content=\"2025-07-28T10:55:44+00:00\" \/>\n<meta property=\"og:image\" content=\"https:\/\/satorrasceramica.com\/wp-content\/uploads\/2021\/04\/56546.jpg\" \/>\n\t<meta property=\"og:image:width\" content=\"1280\" \/>\n\t<meta property=\"og:image:height\" content=\"1280\" \/>\n\t<meta property=\"og:image:type\" content=\"image\/jpeg\" \/>\n<meta name=\"twitter:card\" content=\"summary_large_image\" \/>\n<meta name=\"twitter:label1\" content=\"Est. reading time\" \/>\n\t<meta name=\"twitter:data1\" content=\"2 minuts\" \/>\n<script type=\"application\/ld+json\" class=\"yoast-schema-graph\">{\"@context\":\"https:\/\/schema.org\",\"@graph\":[{\"@type\":\"WebPage\",\"@id\":\"https:\/\/satorrasceramica.com\/ca\/avis-legal\/\",\"url\":\"https:\/\/satorrasceramica.com\/ca\/avis-legal\/\",\"name\":\"Av\u00eds legal - Taller de Cer\u00e1mica Satorras Reproducciones Art\u00edsticas Patrimoniales y Monumentales.\",\"isPartOf\":{\"@id\":\"https:\/\/satorrasceramica.com\/ca\/#website\"},\"datePublished\":\"2023-11-20T18:22:48+00:00\",\"dateModified\":\"2025-07-28T10:55:44+00:00\",\"description\":\"Reproducciones exquisitas de obras maestras en cer\u00e1mica. Explora nuestra colecci\u00f3n de piezas \u00fanicas, cada una un tributo al patrimonio cultural y monumental.\",\"breadcrumb\":{\"@id\":\"https:\/\/satorrasceramica.com\/ca\/avis-legal\/#breadcrumb\"},\"inLanguage\":\"ca\",\"potentialAction\":[{\"@type\":\"ReadAction\",\"target\":[\"https:\/\/satorrasceramica.com\/ca\/avis-legal\/\"]}]},{\"@type\":\"BreadcrumbList\",\"@id\":\"https:\/\/satorrasceramica.com\/ca\/avis-legal\/#breadcrumb\",\"itemListElement\":[{\"@type\":\"ListItem\",\"position\":1,\"name\":\"Home\",\"item\":\"https:\/\/satorrasceramica.com\/ca\/\"},{\"@type\":\"ListItem\",\"position\":2,\"name\":\"Av\u00eds legal\"}]},{\"@type\":\"WebSite\",\"@id\":\"https:\/\/satorrasceramica.com\/ca\/#website\",\"url\":\"https:\/\/satorrasceramica.com\/ca\/\",\"name\":\"Satorras Ceramica\",\"description\":\"Taller de Cer\u00e1mica Satorras Reproducciones Art\u00edsticas Patrimoniales y Monumentales.\",\"publisher\":{\"@id\":\"https:\/\/satorrasceramica.com\/ca\/#organization\"},\"potentialAction\":[{\"@type\":\"SearchAction\",\"target\":{\"@type\":\"EntryPoint\",\"urlTemplate\":\"https:\/\/satorrasceramica.com\/ca\/?s={search_term_string}\"},\"query-input\":{\"@type\":\"PropertyValueSpecification\",\"valueRequired\":true,\"valueName\":\"search_term_string\"}}],\"inLanguage\":\"ca\"},{\"@type\":\"Organization\",\"@id\":\"https:\/\/satorrasceramica.com\/ca\/#organization\",\"name\":\"Satorras Ceramica\",\"url\":\"https:\/\/satorrasceramica.com\/ca\/\",\"logo\":{\"@type\":\"ImageObject\",\"inLanguage\":\"ca\",\"@id\":\"https:\/\/satorrasceramica.com\/ca\/#\/schema\/logo\/image\/\",\"url\":\"http:\/\/satorrasceramica.com\/wp-content\/uploads\/2023\/12\/logo-satorras.png\",\"contentUrl\":\"http:\/\/satorrasceramica.com\/wp-content\/uploads\/2023\/12\/logo-satorras.png\",\"width\":200,\"height\":200,\"caption\":\"Satorras Ceramica\"},\"image\":{\"@id\":\"https:\/\/satorrasceramica.com\/ca\/#\/schema\/logo\/image\/\"},\"sameAs\":[\"https:\/\/www.instagram.com\/satorrasceramica\/\"]}]}<\/script>\n<!-- \/ Yoast SEO plugin. -->","yoast_head_json":{"title":"Av\u00eds legal - Taller de Cer\u00e1mica Satorras Reproducciones Art\u00edsticas Patrimoniales y Monumentales.","description":"Reproducciones exquisitas de obras maestras en cer\u00e1mica. Explora nuestra colecci\u00f3n de piezas \u00fanicas, cada una un tributo al patrimonio cultural y monumental.","robots":{"index":"index","follow":"follow","max-snippet":"max-snippet:-1","max-image-preview":"max-image-preview:large","max-video-preview":"max-video-preview:-1"},"canonical":"https:\/\/satorrasceramica.com\/ca\/avis-legal\/","og_locale":"ca_ES","og_type":"article","og_title":"Av\u00eds legal - Taller de Cer\u00e1mica Satorras Reproducciones Art\u00edsticas Patrimoniales y Monumentales.","og_description":"Reproducciones exquisitas de obras maestras en cer\u00e1mica. Explora nuestra colecci\u00f3n de piezas \u00fanicas, cada una un tributo al patrimonio cultural y monumental.","og_url":"https:\/\/satorrasceramica.com\/ca\/avis-legal\/","og_site_name":"Satorras Ceramica","article_modified_time":"2025-07-28T10:55:44+00:00","og_image":[{"width":1280,"height":1280,"url":"https:\/\/satorrasceramica.com\/wp-content\/uploads\/2021\/04\/56546.jpg","type":"image\/jpeg"}],"twitter_card":"summary_large_image","twitter_misc":{"Est. reading time":"2 minuts"},"schema":{"@context":"https:\/\/schema.org","@graph":[{"@type":"WebPage","@id":"https:\/\/satorrasceramica.com\/ca\/avis-legal\/","url":"https:\/\/satorrasceramica.com\/ca\/avis-legal\/","name":"Av\u00eds legal - Taller de Cer\u00e1mica Satorras Reproducciones Art\u00edsticas Patrimoniales y Monumentales.","isPartOf":{"@id":"https:\/\/satorrasceramica.com\/ca\/#website"},"datePublished":"2023-11-20T18:22:48+00:00","dateModified":"2025-07-28T10:55:44+00:00","description":"Reproducciones exquisitas de obras maestras en cer\u00e1mica. Explora nuestra colecci\u00f3n de piezas \u00fanicas, cada una un tributo al patrimonio cultural y monumental.","breadcrumb":{"@id":"https:\/\/satorrasceramica.com\/ca\/avis-legal\/#breadcrumb"},"inLanguage":"ca","potentialAction":[{"@type":"ReadAction","target":["https:\/\/satorrasceramica.com\/ca\/avis-legal\/"]}]},{"@type":"BreadcrumbList","@id":"https:\/\/satorrasceramica.com\/ca\/avis-legal\/#breadcrumb","itemListElement":[{"@type":"ListItem","position":1,"name":"Home","item":"https:\/\/satorrasceramica.com\/ca\/"},{"@type":"ListItem","position":2,"name":"Av\u00eds legal"}]},{"@type":"WebSite","@id":"https:\/\/satorrasceramica.com\/ca\/#website","url":"https:\/\/satorrasceramica.com\/ca\/","name":"Satorras Ceramica","description":"Taller de Cer\u00e1mica Satorras Reproducciones Art\u00edsticas Patrimoniales y Monumentales.","publisher":{"@id":"https:\/\/satorrasceramica.com\/ca\/#organization"},"potentialAction":[{"@type":"SearchAction","target":{"@type":"EntryPoint","urlTemplate":"https:\/\/satorrasceramica.com\/ca\/?s={search_term_string}"},"query-input":{"@type":"PropertyValueSpecification","valueRequired":true,"valueName":"search_term_string"}}],"inLanguage":"ca"},{"@type":"Organization","@id":"https:\/\/satorrasceramica.com\/ca\/#organization","name":"Satorras Ceramica","url":"https:\/\/satorrasceramica.com\/ca\/","logo":{"@type":"ImageObject","inLanguage":"ca","@id":"https:\/\/satorrasceramica.com\/ca\/#\/schema\/logo\/image\/","url":"http:\/\/satorrasceramica.com\/wp-content\/uploads\/2023\/12\/logo-satorras.png","contentUrl":"http:\/\/satorrasceramica.com\/wp-content\/uploads\/2023\/12\/logo-satorras.png","width":200,"height":200,"caption":"Satorras Ceramica"},"image":{"@id":"https:\/\/satorrasceramica.com\/ca\/#\/schema\/logo\/image\/"},"sameAs":["https:\/\/www.instagram.com\/satorrasceramica\/"]}]}},"jetpack_sharing_enabled":true,"_links":{"self":[{"href":"https:\/\/satorrasceramica.com\/ca\/wp-json\/wp\/v2\/pages\/7108","targetHints":{"allow":["GET"]}}],"collection":[{"href":"https:\/\/satorrasceramica.com\/ca\/wp-json\/wp\/v2\/pages"}],"about":[{"href":"https:\/\/satorrasceramica.com\/ca\/wp-json\/wp\/v2\/types\/page"}],"author":[{"embeddable":true,"href":"https:\/\/satorrasceramica.com\/ca\/wp-json\/wp\/v2\/users\/1"}],"replies":[{"embeddable":true,"href":"https:\/\/satorrasceramica.com\/ca\/wp-json\/wp\/v2\/comments?post=7108"}],"version-history":[{"count":0,"href":"https:\/\/satorrasceramica.com\/ca\/wp-json\/wp\/v2\/pages\/7108\/revisions"}],"wp:attachment":[{"href":"https:\/\/satorrasceramica.com\/ca\/wp-json\/wp\/v2\/media?parent=7108"}],"curies":[{"name":"wp","href":"https:\/\/api.w.org\/{rel}","templated":true}]}}