{"id":686,"date":"2020-12-21T06:15:36","date_gmt":"2020-12-21T06:15:36","guid":{"rendered":"http:\/\/satorrasceramica.com\/faq\/"},"modified":"2025-07-25T11:33:41","modified_gmt":"2025-07-25T11:33:41","slug":"faq","status":"publish","type":"page","link":"https:\/\/satorrasceramica.com\/ca\/faq\/","title":{"rendered":"FAQ"},"content":{"rendered":"<div class=\"wpb-content-wrapper\"><p>[vc_row section_type=&#8221;fullwidth&#8221; padding_top_multiplier=&#8221;&#8221; padding_bottom_multiplier=&#8221;&#8221;][vc_column]<div class=\"grve-element grve-divider\"><div class=\"grve-line-divider grve-border\"><\/div><\/div>[\/vc_column][\/vc_row][vc_row padding_top_multiplier=&#8221;4x&#8221; padding_bottom_multiplier=&#8221;4x&#8221;][vc_column width=&#8221;1\/2&#8243; content_width=&#8221;custom&#8221; horizontal_content_position=&#8221;center&#8221; custom_content_width=&#8221;500&#8243;]<h3 class=\"grve-element grve-title grve-align-inherit grve-h4\" style=\"margin-bottom: 36px;\"><span>Producte<\/span><\/h3>[vc_tta_accordion c_position=&#8221;right&#8221; active_section=&#8221;1&#8243;][vc_tta_section title=&#8221;Quin tipus de peces elaboreu?&#8221; tab_id=&#8221;1608541789525-8e5cb2fc-f9e6&#8243;][vc_column_text]<\/p>\n<p data-start=\"388\" data-end=\"569\">Creem peces artesanes \u00faniques com reproduccions de monuments, logotips, enc\u00e0rrecs art\u00edstics i regals personalitzats, sempre amb identitat pr\u00f2pia.<\/p>\n<p>[\/vc_column_text][\/vc_tta_section][vc_tta_section title=&#8221;Amb quins materials treballeu?&#8221; tab_id=&#8221;1608541789596-911baab0-a238&#8243;][vc_column_text]<\/p>\n<p data-start=\"571\" data-end=\"721\">Utilitzem terra refract\u00e0ria cuita a 1.250\u202f\u00b0C i muntada sobre vidre serigrafiat, amb segell original de l\u2019artista.<\/p>\n<p>[\/vc_column_text][\/vc_tta_section][vc_tta_section title=&#8221;Es poden comprar les peces en l\u00ednia?&#8221; tab_id=&#8221;1608541789668-1fff093c-062d&#8221;][vc_column_text]<\/p>\n<p data-start=\"723\" data-end=\"883\">S\u00ed, les nostres col\u00b7leccions estan disponibles tant a la botiga f\u00edsica de Santes Creus com a la nostra botiga online.<\/p>\n<p>[\/vc_column_text][\/vc_tta_section][vc_tta_section title=&#8221;Les peces inclouen informaci\u00f3 addicional?&#8221; tab_id=&#8221;1608541789734-b460d4de-e847&#8243;][vc_column_text]<\/p>\n<p data-start=\"885\" data-end=\"1022\">Cada obra s\u2019acompanya d\u2019un tr\u00edptic amb la seva hist\u00f2ria, simbologia i descripci\u00f3 t\u00e8cnica.<\/p>\n<p>[\/vc_column_text][\/vc_tta_section][\/vc_tta_accordion][\/vc_column][vc_column width=&#8221;1\/2&#8243; content_width=&#8221;custom&#8221; horizontal_content_position=&#8221;center&#8221; custom_content_width=&#8221;500&#8243;]<h3 class=\"grve-element grve-title grve-align-inherit grve-h4\" style=\"margin-bottom: 36px;\"><span>Enviaments i Pagaments<\/span><\/h3>[vc_tta_accordion c_position=&#8221;right&#8221; active_section=&#8221;0&#8243;][vc_tta_section title=&#8221;On feu enviaments?&#8221; tab_id=&#8221;1608541928974-819276e8-cacb&#8221;][vc_column_text]<\/p>\n<p data-start=\"102\" data-end=\"184\">Enviem a tot Catalunya i a la resta d\u2019Espanya peninsular.<\/p>\n<p>[\/vc_column_text][\/vc_tta_section][vc_tta_section title=&#8221;Quin \u00e9s el termini de lliurament?&#8221; tab_id=&#8221;1608541929035-78097651-eb1f&#8221;][vc_column_text]<\/p>\n<p data-start=\"186\" data-end=\"284\">El termini de lliurament \u00e9s d\u2019entre 4 i 7 dies laborables.<\/p>\n<p>[\/vc_column_text][\/vc_tta_section][vc_tta_section title=&#8221;Quin tipus d\u2019embalatge utilitzeu?&#8221; tab_id=&#8221;1608541929167-5aaed7a0-598a&#8221;][vc_column_text]<\/p>\n<p data-start=\"286\" data-end=\"386\">Fem servir embalatge segur i respectu\u00f3s amb el medi ambient.<\/p>\n<p>[\/vc_column_text][\/vc_tta_section][vc_tta_section title=&#8221;Quin cost t\u00e9 l&#8217;enviament?&#8221; tab_id=&#8221;1608541929236-669dd145-e711&#8243;][vc_column_text]Per a comandes a partir de 120 \u20ac l\u2019enviament \u00e9s gratu\u00eft.[\/vc_column_text][\/vc_tta_section][vc_tta_section title=&#8221;Quines formes de pagament accepteu?&#8221; tab_id=&#8221;1753442501216-f5e17af8-dcfa&#8221;][vc_column_text]<\/p>\n<div class=\"flex max-w-full flex-col grow\">\n<div class=\"min-h-8 text-message relative flex w-full flex-col items-end gap-2 text-start break-words whitespace-normal [.text-message+&amp;]:mt-5\" dir=\"auto\" data-message-author-role=\"assistant\" data-message-id=\"62fefe94-d33d-4aac-a17e-f839056c9eea\" data-message-model-slug=\"gpt-4o\">\n<div class=\"flex w-full flex-col gap-1 empty:hidden first:pt-[3px]\">\n<div class=\"markdown prose dark:prose-invert w-full break-words light\">\n<p data-start=\"480\" data-end=\"603\" data-is-last-node=\"\" data-is-only-node=\"\">Acceptem targeta de cr\u00e8dit o d\u00e8bit (TPV virtual), Bizum i transfer\u00e8ncia banc\u00e0ria.<\/p>\n<\/div>\n<\/div>\n<\/div>\n<\/div>\n<p>[\/vc_column_text][\/vc_tta_section][\/vc_tta_accordion][\/vc_column][\/vc_row]<\/p>\n<\/div>","protected":false},"excerpt":{"rendered":"<p>Impeka Shop &#8211; Shop case study with WooCommerce products and Impeka. Showcase your products and start selling in a few minutes.<\/p>\n","protected":false},"author":1,"featured_media":1890,"parent":0,"menu_order":0,"comment_status":"closed","ping_status":"closed","template":"","meta":{"content-type":"","footnotes":""},"class_list":["post-686","page","type-page","status-publish","has-post-thumbnail","hentry","grve-entry-item"],"yoast_head":"<!-- This site is optimized with the Yoast SEO plugin v25.5 - https:\/\/yoast.com\/wordpress\/plugins\/seo\/ -->\n<title>FAQ - Taller de Cer\u00e1mica Satorras Reproducciones Art\u00edsticas Patrimoniales y Monumentales.<\/title>\n<meta name=\"description\" content=\"Reproducciones exquisitas de obras maestras en cer\u00e1mica. Explora nuestra colecci\u00f3n de piezas \u00fanicas, cada una un tributo al patrimonio cultural y monumental.\" \/>\n<meta name=\"robots\" content=\"index, follow, max-snippet:-1, max-image-preview:large, max-video-preview:-1\" \/>\n<link rel=\"canonical\" href=\"https:\/\/satorrasceramica.com\/ca\/faq\/\" \/>\n<meta property=\"og:locale\" content=\"ca_ES\" \/>\n<meta property=\"og:type\" content=\"article\" \/>\n<meta property=\"og:title\" content=\"FAQ - Taller de Cer\u00e1mica Satorras Reproducciones Art\u00edsticas Patrimoniales y Monumentales.\" \/>\n<meta property=\"og:description\" content=\"Reproducciones exquisitas de obras maestras en cer\u00e1mica. Explora nuestra colecci\u00f3n de piezas \u00fanicas, cada una un tributo al patrimonio cultural y monumental.\" \/>\n<meta property=\"og:url\" content=\"https:\/\/satorrasceramica.com\/ca\/faq\/\" \/>\n<meta property=\"og:site_name\" content=\"Satorras Ceramica\" \/>\n<meta property=\"article:modified_time\" content=\"2025-07-25T11:33:41+00:00\" \/>\n<meta property=\"og:image\" content=\"https:\/\/satorrasceramica.com\/wp-content\/uploads\/2021\/02\/shop-screenshot-1.png\" \/>\n\t<meta property=\"og:image:width\" content=\"1200\" \/>\n\t<meta property=\"og:image:height\" content=\"900\" \/>\n\t<meta property=\"og:image:type\" content=\"image\/png\" \/>\n<meta name=\"twitter:card\" content=\"summary_large_image\" \/>\n<meta name=\"twitter:label1\" content=\"Est. reading time\" \/>\n\t<meta name=\"twitter:data1\" content=\"2 minuts\" \/>\n<script type=\"application\/ld+json\" class=\"yoast-schema-graph\">{\"@context\":\"https:\/\/schema.org\",\"@graph\":[{\"@type\":\"WebPage\",\"@id\":\"https:\/\/satorrasceramica.com\/ca\/faq\/\",\"url\":\"https:\/\/satorrasceramica.com\/ca\/faq\/\",\"name\":\"FAQ - Taller de Cer\u00e1mica Satorras Reproducciones Art\u00edsticas Patrimoniales y Monumentales.\",\"isPartOf\":{\"@id\":\"https:\/\/satorrasceramica.com\/ca\/#website\"},\"primaryImageOfPage\":{\"@id\":\"https:\/\/satorrasceramica.com\/ca\/faq\/#primaryimage\"},\"image\":{\"@id\":\"https:\/\/satorrasceramica.com\/ca\/faq\/#primaryimage\"},\"thumbnailUrl\":\"https:\/\/satorrasceramica.com\/wp-content\/uploads\/2021\/02\/shop-screenshot-1.png\",\"datePublished\":\"2020-12-21T06:15:36+00:00\",\"dateModified\":\"2025-07-25T11:33:41+00:00\",\"description\":\"Reproducciones exquisitas de obras maestras en cer\u00e1mica. Explora nuestra colecci\u00f3n de piezas \u00fanicas, cada una un tributo al patrimonio cultural y monumental.\",\"breadcrumb\":{\"@id\":\"https:\/\/satorrasceramica.com\/ca\/faq\/#breadcrumb\"},\"inLanguage\":\"ca\",\"potentialAction\":[{\"@type\":\"ReadAction\",\"target\":[\"https:\/\/satorrasceramica.com\/ca\/faq\/\"]}]},{\"@type\":\"ImageObject\",\"inLanguage\":\"ca\",\"@id\":\"https:\/\/satorrasceramica.com\/ca\/faq\/#primaryimage\",\"url\":\"https:\/\/satorrasceramica.com\/wp-content\/uploads\/2021\/02\/shop-screenshot-1.png\",\"contentUrl\":\"https:\/\/satorrasceramica.com\/wp-content\/uploads\/2021\/02\/shop-screenshot-1.png\",\"width\":1200,\"height\":900,\"caption\":\"Impeka Shop- Premium WordPress Multipurpose theme by Greatives\"},{\"@type\":\"BreadcrumbList\",\"@id\":\"https:\/\/satorrasceramica.com\/ca\/faq\/#breadcrumb\",\"itemListElement\":[{\"@type\":\"ListItem\",\"position\":1,\"name\":\"Home\",\"item\":\"https:\/\/satorrasceramica.com\/ca\/\"},{\"@type\":\"ListItem\",\"position\":2,\"name\":\"FAQ\"}]},{\"@type\":\"WebSite\",\"@id\":\"https:\/\/satorrasceramica.com\/ca\/#website\",\"url\":\"https:\/\/satorrasceramica.com\/ca\/\",\"name\":\"Satorras Ceramica\",\"description\":\"Taller de Cer\u00e1mica Satorras Reproducciones Art\u00edsticas Patrimoniales y Monumentales.\",\"publisher\":{\"@id\":\"https:\/\/satorrasceramica.com\/ca\/#organization\"},\"potentialAction\":[{\"@type\":\"SearchAction\",\"target\":{\"@type\":\"EntryPoint\",\"urlTemplate\":\"https:\/\/satorrasceramica.com\/ca\/?s={search_term_string}\"},\"query-input\":{\"@type\":\"PropertyValueSpecification\",\"valueRequired\":true,\"valueName\":\"search_term_string\"}}],\"inLanguage\":\"ca\"},{\"@type\":\"Organization\",\"@id\":\"https:\/\/satorrasceramica.com\/ca\/#organization\",\"name\":\"Satorras Ceramica\",\"url\":\"https:\/\/satorrasceramica.com\/ca\/\",\"logo\":{\"@type\":\"ImageObject\",\"inLanguage\":\"ca\",\"@id\":\"https:\/\/satorrasceramica.com\/ca\/#\/schema\/logo\/image\/\",\"url\":\"http:\/\/satorrasceramica.com\/wp-content\/uploads\/2023\/12\/logo-satorras.png\",\"contentUrl\":\"http:\/\/satorrasceramica.com\/wp-content\/uploads\/2023\/12\/logo-satorras.png\",\"width\":200,\"height\":200,\"caption\":\"Satorras Ceramica\"},\"image\":{\"@id\":\"https:\/\/satorrasceramica.com\/ca\/#\/schema\/logo\/image\/\"},\"sameAs\":[\"https:\/\/www.instagram.com\/satorrasceramica\/\"]}]}<\/script>\n<!-- \/ Yoast SEO plugin. -->","yoast_head_json":{"title":"FAQ - Taller de Cer\u00e1mica Satorras Reproducciones Art\u00edsticas Patrimoniales y Monumentales.","description":"Reproducciones exquisitas de obras maestras en cer\u00e1mica. Explora nuestra colecci\u00f3n de piezas \u00fanicas, cada una un tributo al patrimonio cultural y monumental.","robots":{"index":"index","follow":"follow","max-snippet":"max-snippet:-1","max-image-preview":"max-image-preview:large","max-video-preview":"max-video-preview:-1"},"canonical":"https:\/\/satorrasceramica.com\/ca\/faq\/","og_locale":"ca_ES","og_type":"article","og_title":"FAQ - Taller de Cer\u00e1mica Satorras Reproducciones Art\u00edsticas Patrimoniales y Monumentales.","og_description":"Reproducciones exquisitas de obras maestras en cer\u00e1mica. Explora nuestra colecci\u00f3n de piezas \u00fanicas, cada una un tributo al patrimonio cultural y monumental.","og_url":"https:\/\/satorrasceramica.com\/ca\/faq\/","og_site_name":"Satorras Ceramica","article_modified_time":"2025-07-25T11:33:41+00:00","og_image":[{"width":1200,"height":900,"url":"https:\/\/satorrasceramica.com\/wp-content\/uploads\/2021\/02\/shop-screenshot-1.png","type":"image\/png"}],"twitter_card":"summary_large_image","twitter_misc":{"Est. reading time":"2 minuts"},"schema":{"@context":"https:\/\/schema.org","@graph":[{"@type":"WebPage","@id":"https:\/\/satorrasceramica.com\/ca\/faq\/","url":"https:\/\/satorrasceramica.com\/ca\/faq\/","name":"FAQ - Taller de Cer\u00e1mica Satorras Reproducciones Art\u00edsticas Patrimoniales y Monumentales.","isPartOf":{"@id":"https:\/\/satorrasceramica.com\/ca\/#website"},"primaryImageOfPage":{"@id":"https:\/\/satorrasceramica.com\/ca\/faq\/#primaryimage"},"image":{"@id":"https:\/\/satorrasceramica.com\/ca\/faq\/#primaryimage"},"thumbnailUrl":"https:\/\/satorrasceramica.com\/wp-content\/uploads\/2021\/02\/shop-screenshot-1.png","datePublished":"2020-12-21T06:15:36+00:00","dateModified":"2025-07-25T11:33:41+00:00","description":"Reproducciones exquisitas de obras maestras en cer\u00e1mica. Explora nuestra colecci\u00f3n de piezas \u00fanicas, cada una un tributo al patrimonio cultural y monumental.","breadcrumb":{"@id":"https:\/\/satorrasceramica.com\/ca\/faq\/#breadcrumb"},"inLanguage":"ca","potentialAction":[{"@type":"ReadAction","target":["https:\/\/satorrasceramica.com\/ca\/faq\/"]}]},{"@type":"ImageObject","inLanguage":"ca","@id":"https:\/\/satorrasceramica.com\/ca\/faq\/#primaryimage","url":"https:\/\/satorrasceramica.com\/wp-content\/uploads\/2021\/02\/shop-screenshot-1.png","contentUrl":"https:\/\/satorrasceramica.com\/wp-content\/uploads\/2021\/02\/shop-screenshot-1.png","width":1200,"height":900,"caption":"Impeka Shop- Premium WordPress Multipurpose theme by Greatives"},{"@type":"BreadcrumbList","@id":"https:\/\/satorrasceramica.com\/ca\/faq\/#breadcrumb","itemListElement":[{"@type":"ListItem","position":1,"name":"Home","item":"https:\/\/satorrasceramica.com\/ca\/"},{"@type":"ListItem","position":2,"name":"FAQ"}]},{"@type":"WebSite","@id":"https:\/\/satorrasceramica.com\/ca\/#website","url":"https:\/\/satorrasceramica.com\/ca\/","name":"Satorras Ceramica","description":"Taller de Cer\u00e1mica Satorras Reproducciones Art\u00edsticas Patrimoniales y Monumentales.","publisher":{"@id":"https:\/\/satorrasceramica.com\/ca\/#organization"},"potentialAction":[{"@type":"SearchAction","target":{"@type":"EntryPoint","urlTemplate":"https:\/\/satorrasceramica.com\/ca\/?s={search_term_string}"},"query-input":{"@type":"PropertyValueSpecification","valueRequired":true,"valueName":"search_term_string"}}],"inLanguage":"ca"},{"@type":"Organization","@id":"https:\/\/satorrasceramica.com\/ca\/#organization","name":"Satorras Ceramica","url":"https:\/\/satorrasceramica.com\/ca\/","logo":{"@type":"ImageObject","inLanguage":"ca","@id":"https:\/\/satorrasceramica.com\/ca\/#\/schema\/logo\/image\/","url":"http:\/\/satorrasceramica.com\/wp-content\/uploads\/2023\/12\/logo-satorras.png","contentUrl":"http:\/\/satorrasceramica.com\/wp-content\/uploads\/2023\/12\/logo-satorras.png","width":200,"height":200,"caption":"Satorras Ceramica"},"image":{"@id":"https:\/\/satorrasceramica.com\/ca\/#\/schema\/logo\/image\/"},"sameAs":["https:\/\/www.instagram.com\/satorrasceramica\/"]}]}},"jetpack_sharing_enabled":true,"_links":{"self":[{"href":"https:\/\/satorrasceramica.com\/ca\/wp-json\/wp\/v2\/pages\/686","targetHints":{"allow":["GET"]}}],"collection":[{"href":"https:\/\/satorrasceramica.com\/ca\/wp-json\/wp\/v2\/pages"}],"about":[{"href":"https:\/\/satorrasceramica.com\/ca\/wp-json\/wp\/v2\/types\/page"}],"author":[{"embeddable":true,"href":"https:\/\/satorrasceramica.com\/ca\/wp-json\/wp\/v2\/users\/1"}],"replies":[{"embeddable":true,"href":"https:\/\/satorrasceramica.com\/ca\/wp-json\/wp\/v2\/comments?post=686"}],"version-history":[{"count":0,"href":"https:\/\/satorrasceramica.com\/ca\/wp-json\/wp\/v2\/pages\/686\/revisions"}],"wp:featuredmedia":[{"embeddable":true,"href":"https:\/\/satorrasceramica.com\/ca\/wp-json\/wp\/v2\/media\/1890"}],"wp:attachment":[{"href":"https:\/\/satorrasceramica.com\/ca\/wp-json\/wp\/v2\/media?parent=686"}],"curies":[{"name":"wp","href":"https:\/\/api.w.org\/{rel}","templated":true}]}}